{"id":795,"date":"2024-04-30T07:54:15","date_gmt":"2024-04-30T07:54:15","guid":{"rendered":"https:\/\/infinityleague.de\/?page_id=795"},"modified":"2025-02-19T17:35:42","modified_gmt":"2025-02-19T17:35:42","slug":"nota-legale","status":"publish","type":"page","link":"https:\/\/infinityleague.de\/it\/nota-legale\/","title":{"rendered":"NOTA LEGALE"},"content":{"rendered":"<section  class=\"text-paragraph-module relative \">\n  <div class=\"anchor-container absolute -top-28 md:-top-36\" id=\"acf-block-6613df2468da0\"><\/div>\n  <div class=\"bg-black px-xs typo-body text-paragraph py-md text-textColor 2xl:pb-0 2xl:pt-10\">\n          <div class=\"pb-5 mx-auto max-w-screen-3xl lg:pb-xl 2xl:pb-[50px]\">\n        <h1 class='headline-element align-left headline-color'>NOTA LEGALE<\/h1>      <\/div>\n              <div class=\"mx-auto max-w-[1440px] pb-md lg:pb-xl 2xl:pb-2xl\">\n        <div class='text-element align-left text-xs-body sm:text-lg-h2'><p><strong>Tr\u00e4ger der Webseite<\/strong><\/p>\n<p>DAZN Limited (unter der Bezeichnung \u2018DAZN\u2019)<\/p>\n<p>12 Hammersmith Grove, London, England, W6 7AP<\/p>\n<p>Vertretungsberechtigte Gesch\u00e4ftsf\u00fchrer: Shay Segev and Darren Waterman<\/p>\n<p>Firmennummer: 09676399<\/p>\n<p>Umsatzsteueridentifikationsnummer: GB945612024<\/p>\n<p>&nbsp;<\/p>\n<p><strong>Kontakt<\/strong><\/p>\n<p>Unsere Kontaktadresse ist help@dazn.com und unser Kontaktformular ist abrufbar unter <a href=\"https:\/\/www.dazn.com\/help\/articles\/how-do-i-contact-dazn\/DE-de\" target=\"_blank\" rel=\"noopener\">https:\/\/www.dazn.com\/help\/articles\/how-do-i-contact-dazn\/DE-de<\/a>.<\/p>\n<p>&nbsp;<\/p>\n<p><strong>Streitbeilegung<\/strong><\/p>\n<p>DAZN nimmt nicht an einem Streitbeilegungsverfahren vor einer Verbraucherschlichtungsstelle teil.<\/p>\n<p>Die Europ\u00e4ische Kommission stellt dir eine Online-Plattform zur L\u00f6sung von Streitigkeiten zur Verf\u00fcgung. Die Plattform ist abrufbar unter <a href=\"http:\/\/ec.europa.eu\/consumers\/odr\" target=\"_blank\" rel=\"noopener\">http:\/\/ec.europa.eu\/consumers\/odr<\/a>.<\/p>\n<p>&nbsp;<\/p>\n<p><strong>Urheberrecht<\/strong><\/p>\n<p>\u00a92020 DAZN Limited. Alle Rechte vorbehalten. Alle Inhalte (Texte, Bilder, Grafiken, Ton-, Video- und Animationsdateien sowie deren Anordnung u.a.) auf der Website der DAZN Limited unterliegen dem Schutz des Urheberrechts und anderer Schutzgesetze. Der Rechtsschutz gilt auch gegen\u00fcber Datenbanken und \u00e4hnlichen Einrichtungen. Die hier bereitgestellten Texte d\u00fcrfen jedoch ganz oder in Ausschnitten gespeichert und vervielf\u00e4ltigt werden. Einige Bereiche der DAZN Website enthalten Bilder, die dem Urheberrecht Dritter unterliegen. Soweit nicht anders angegeben, sind alle Markenzeichen markenrechtlich gesch\u00fctzt.<\/p>\n<\/div>      <\/div>\n                <\/div> <!-- end max-w-screen container -->\n    <\/div>\n<\/section>","protected":false},"excerpt":{"rendered":"","protected":false},"author":1,"featured_media":0,"parent":0,"menu_order":0,"comment_status":"closed","ping_status":"closed","template":"","meta":{"_acf_changed":false,"footnotes":""},"class_list":["post-795","page","type-page","status-publish","hentry"],"acf":[],"yoast_head":"<!-- This site is optimized with the Yoast SEO plugin v24.2 - https:\/\/yoast.com\/wordpress\/plugins\/seo\/ -->\n<title>NOTA LEGALE - Infinity League \u2013 NEXT GEN FOOTBALL\u200b<\/title>\n<meta name=\"robots\" content=\"index, follow, max-snippet:-1, max-image-preview:large, max-video-preview:-1\" \/>\n<link rel=\"canonical\" href=\"https:\/\/infinityleague.de\/it\/nota-legale\/\" \/>\n<meta property=\"og:locale\" content=\"it_IT\" \/>\n<meta property=\"og:type\" content=\"article\" \/>\n<meta property=\"og:title\" content=\"NOTA LEGALE - Infinity League \u2013 NEXT GEN FOOTBALL\u200b\" \/>\n<meta property=\"og:url\" content=\"https:\/\/infinityleague.de\/it\/nota-legale\/\" \/>\n<meta property=\"og:site_name\" content=\"Infinity League \u2013 NEXT GEN FOOTBALL\u200b\" \/>\n<meta property=\"article:modified_time\" content=\"2025-02-19T17:35:42+00:00\" \/>\n<meta name=\"twitter:card\" content=\"summary_large_image\" \/>\n<script type=\"application\/ld+json\" class=\"yoast-schema-graph\">{\"@context\":\"https:\/\/schema.org\",\"@graph\":[{\"@type\":\"WebPage\",\"@id\":\"https:\/\/infinityleague.de\/it\/nota-legale\/\",\"url\":\"https:\/\/infinityleague.de\/it\/nota-legale\/\",\"name\":\"NOTA LEGALE - Infinity League \u2013 NEXT GEN FOOTBALL\u200b\",\"isPartOf\":{\"@id\":\"https:\/\/infinityleague.de\/it\/#website\"},\"datePublished\":\"2024-04-30T07:54:15+00:00\",\"dateModified\":\"2025-02-19T17:35:42+00:00\",\"breadcrumb\":{\"@id\":\"https:\/\/infinityleague.de\/it\/nota-legale\/#breadcrumb\"},\"inLanguage\":\"it-IT\",\"potentialAction\":[{\"@type\":\"ReadAction\",\"target\":[\"https:\/\/infinityleague.de\/it\/nota-legale\/\"]}]},{\"@type\":\"BreadcrumbList\",\"@id\":\"https:\/\/infinityleague.de\/it\/nota-legale\/#breadcrumb\",\"itemListElement\":[{\"@type\":\"ListItem\",\"position\":1,\"name\":\"Home\",\"item\":\"https:\/\/infinityleague.de\/it\/\"},{\"@type\":\"ListItem\",\"position\":2,\"name\":\"NOTA LEGALE\"}]},{\"@type\":\"WebSite\",\"@id\":\"https:\/\/infinityleague.de\/it\/#website\",\"url\":\"https:\/\/infinityleague.de\/it\/\",\"name\":\"Infinity League \u2013 NEXT GEN FOOTBALL\u200b\",\"description\":\"\",\"potentialAction\":[{\"@type\":\"SearchAction\",\"target\":{\"@type\":\"EntryPoint\",\"urlTemplate\":\"https:\/\/infinityleague.de\/it\/?s={search_term_string}\"},\"query-input\":{\"@type\":\"PropertyValueSpecification\",\"valueRequired\":true,\"valueName\":\"search_term_string\"}}],\"inLanguage\":\"it-IT\"}]}<\/script>\n<!-- \/ Yoast SEO plugin. -->","yoast_head_json":{"title":"NOTA LEGALE - Infinity League \u2013 NEXT GEN FOOTBALL\u200b","robots":{"index":"index","follow":"follow","max-snippet":"max-snippet:-1","max-image-preview":"max-image-preview:large","max-video-preview":"max-video-preview:-1"},"canonical":"https:\/\/infinityleague.de\/it\/nota-legale\/","og_locale":"it_IT","og_type":"article","og_title":"NOTA LEGALE - Infinity League \u2013 NEXT GEN FOOTBALL\u200b","og_url":"https:\/\/infinityleague.de\/it\/nota-legale\/","og_site_name":"Infinity League \u2013 NEXT GEN FOOTBALL\u200b","article_modified_time":"2025-02-19T17:35:42+00:00","twitter_card":"summary_large_image","schema":{"@context":"https:\/\/schema.org","@graph":[{"@type":"WebPage","@id":"https:\/\/infinityleague.de\/it\/nota-legale\/","url":"https:\/\/infinityleague.de\/it\/nota-legale\/","name":"NOTA LEGALE - Infinity League \u2013 NEXT GEN FOOTBALL\u200b","isPartOf":{"@id":"https:\/\/infinityleague.de\/it\/#website"},"datePublished":"2024-04-30T07:54:15+00:00","dateModified":"2025-02-19T17:35:42+00:00","breadcrumb":{"@id":"https:\/\/infinityleague.de\/it\/nota-legale\/#breadcrumb"},"inLanguage":"it-IT","potentialAction":[{"@type":"ReadAction","target":["https:\/\/infinityleague.de\/it\/nota-legale\/"]}]},{"@type":"BreadcrumbList","@id":"https:\/\/infinityleague.de\/it\/nota-legale\/#breadcrumb","itemListElement":[{"@type":"ListItem","position":1,"name":"Home","item":"https:\/\/infinityleague.de\/it\/"},{"@type":"ListItem","position":2,"name":"NOTA LEGALE"}]},{"@type":"WebSite","@id":"https:\/\/infinityleague.de\/it\/#website","url":"https:\/\/infinityleague.de\/it\/","name":"Infinity League \u2013 NEXT GEN FOOTBALL\u200b","description":"","potentialAction":[{"@type":"SearchAction","target":{"@type":"EntryPoint","urlTemplate":"https:\/\/infinityleague.de\/it\/?s={search_term_string}"},"query-input":{"@type":"PropertyValueSpecification","valueRequired":true,"valueName":"search_term_string"}}],"inLanguage":"it-IT"}]}},"_links":{"self":[{"href":"https:\/\/infinityleague.de\/it\/wp-json\/wp\/v2\/pages\/795","targetHints":{"allow":["GET"]}}],"collection":[{"href":"https:\/\/infinityleague.de\/it\/wp-json\/wp\/v2\/pages"}],"about":[{"href":"https:\/\/infinityleague.de\/it\/wp-json\/wp\/v2\/types\/page"}],"author":[{"embeddable":true,"href":"https:\/\/infinityleague.de\/it\/wp-json\/wp\/v2\/users\/1"}],"replies":[{"embeddable":true,"href":"https:\/\/infinityleague.de\/it\/wp-json\/wp\/v2\/comments?post=795"}],"version-history":[{"count":1,"href":"https:\/\/infinityleague.de\/it\/wp-json\/wp\/v2\/pages\/795\/revisions"}],"predecessor-version":[{"id":796,"href":"https:\/\/infinityleague.de\/it\/wp-json\/wp\/v2\/pages\/795\/revisions\/796"}],"wp:attachment":[{"href":"https:\/\/infinityleague.de\/it\/wp-json\/wp\/v2\/media?parent=795"}],"curies":[{"name":"wp","href":"https:\/\/api.w.org\/{rel}","templated":true}]}}